{"id":5838,"date":"2021-06-13T03:19:31","date_gmt":"2021-06-13T03:19:31","guid":{"rendered":"https:\/\/iglesiaec.org\/?page_id=5838"},"modified":"2021-06-13T03:39:39","modified_gmt":"2021-06-13T03:39:39","slug":"bienvenidos","status":"publish","type":"page","link":"https:\/\/iglesiaec.org\/index.php\/bienvenidos\/","title":{"rendered":"Bienvenidos!"},"content":{"rendered":"\n<div class=\"wp-block-group\"><div class=\"wp-block-group__inner-container is-layout-flow wp-block-group-is-layout-flow\">\n<p class=\"has-text-align-left\">Somos el Ministerio Hispano de Pacific Coast Church desde el 2003 sirviendo a la comunidad de San Clemente, California con una ense\u00f1anza Cristo-Centrica.<\/p>\n\n\n\n<h2 class=\"wp-block-heading\"><strong>Vision<\/strong><\/h2>\n\n\n\n<p>So\u00f1amos ser una iglesia de acuerdo al coraz\u00f3n de Dios, que viva de acuerdo a sus principios.<\/p>\n\n\n\n<p>\u2022 Que ama a Dios y su Palabra<\/p>\n\n\n\n<p>\u2022 Que Ama a los creyentes<\/p>\n\n\n\n<p>\u2022 Que Ama a los no creyentes<\/p>\n\n\n\n<p><em>\u201cY amar\u00e1s al Se\u00f1or tu Dios con todo tu coraz\u00f3n, y con toda tu alma, y con toda tu mente y con todas tus fuerzas. Este es el principal mandamiento\u201d.  Marcos 12:30\u00a0<\/em><\/p>\n<\/div><\/div>\n\n\n<p><img fetchpriority=\"high\" decoding=\"async\" src=\"https:\/\/iglesiaec.org\/wp-content\/uploads\/2021\/06\/76D43D35-D70C-4354-8365-42516D889C41-1024x1024.jpg\" sizes=\"(max-width: 1024px) 100vw, 1024px\" srcset=\"https:\/\/iglesiaec.org\/wp-content\/uploads\/2021\/06\/76D43D35-D70C-4354-8365-42516D889C41-1024x1024.jpg 1024w, https:\/\/iglesiaec.org\/wp-content\/uploads\/2021\/06\/76D43D35-D70C-4354-8365-42516D889C41-300x300.jpg 300w, https:\/\/iglesiaec.org\/wp-content\/uploads\/2021\/06\/76D43D35-D70C-4354-8365-42516D889C41-150x150.jpg 150w, https:\/\/iglesiaec.org\/wp-content\/uploads\/2021\/06\/76D43D35-D70C-4354-8365-42516D889C41-768x768.jpg 768w, https:\/\/iglesiaec.org\/wp-content\/uploads\/2021\/06\/76D43D35-D70C-4354-8365-42516D889C41-1536x1536.jpg 1536w, https:\/\/iglesiaec.org\/wp-content\/uploads\/2021\/06\/76D43D35-D70C-4354-8365-42516D889C41-650x650.jpg 650w, https:\/\/iglesiaec.org\/wp-content\/uploads\/2021\/06\/76D43D35-D70C-4354-8365-42516D889C41-1300x1300.jpg 1300w\" alt=\"\" width=\"1024\" height=\"1024\" \/><\/p>\n\n\n<pre class=\"wp-block-preformatted\"><\/pre>\n","protected":false},"excerpt":{"rendered":"<p>Somos el Ministerio Hispano de Pacific Coast Church desde el 2003 sirviendo a la comunidad de San Clemente, California con una ense\u00f1anza Cristo-Centrica. Vision So\u00f1amos ser una iglesia de acuerdo al coraz\u00f3n de Dios, que viva de acuerdo a sus principios. \u2022 Que ama a Dios y su Palabra \u2022 Que Ama a los creyentes \u2022 Que [&hellip;]<\/p>\n","protected":false},"author":1,"featured_media":0,"parent":0,"menu_order":0,"comment_status":"closed","ping_status":"closed","template":"","meta":{"footnotes":""},"class_list":["post-5838","page","type-page","status-publish","hentry"],"_links":{"self":[{"href":"https:\/\/iglesiaec.org\/index.php\/wp-json\/wp\/v2\/pages\/5838","targetHints":{"allow":["GET"]}}],"collection":[{"href":"https:\/\/iglesiaec.org\/index.php\/wp-json\/wp\/v2\/pages"}],"about":[{"href":"https:\/\/iglesiaec.org\/index.php\/wp-json\/wp\/v2\/types\/page"}],"author":[{"embeddable":true,"href":"https:\/\/iglesiaec.org\/index.php\/wp-json\/wp\/v2\/users\/1"}],"replies":[{"embeddable":true,"href":"https:\/\/iglesiaec.org\/index.php\/wp-json\/wp\/v2\/comments?post=5838"}],"version-history":[{"count":0,"href":"https:\/\/iglesiaec.org\/index.php\/wp-json\/wp\/v2\/pages\/5838\/revisions"}],"wp:attachment":[{"href":"https:\/\/iglesiaec.org\/index.php\/wp-json\/wp\/v2\/media?parent=5838"}],"curies":[{"name":"wp","href":"https:\/\/api.w.org\/{rel}","templated":true}]}}